{"id":180,"date":"2024-05-07T00:41:59","date_gmt":"2024-05-07T00:41:59","guid":{"rendered":"https:\/\/leksa.pethemes.com\/?page_id=180"},"modified":"2025-03-20T10:59:53","modified_gmt":"2025-03-20T09:59:53","slug":"rreth-nesh","status":"publish","type":"page","link":"https:\/\/zapgz.hr\/al\/rreth-nesh\/","title":{"rendered":"Rreth nesh"},"content":{"rendered":"\t\t<div data-elementor-type=\"wp-page\" data-elementor-id=\"180\" class=\"elementor elementor-180\">\n\t\t\t\t<div class=\"elementor-element elementor-element-63e9e34 e-con-full e-flex convert--none bg--none no e-con e-parent\" data-id=\"63e9e34\" data-element_type=\"container\" data-e-type=\"container\">\n\t\t<div class=\"elementor-element elementor-element-e5eb471 e-con-full elementor-hidden-mobile e-flex convert--none bg--none no e-con e-child\" data-id=\"e5eb471\" data-element_type=\"container\" data-e-type=\"container\">\n\t\t\t\t<div class=\"elementor-element elementor-element-7574cf2 elementor-widget elementor-widget-image\" data-id=\"7574cf2\" data-element_type=\"widget\" data-e-type=\"widget\" data-widget_type=\"image.default\">\n\t\t\t\t<div class=\"elementor-widget-container\">\n\t\t\t\t\t\t\t\t\t\t\t\t\t\t\t<img fetchpriority=\"high\" decoding=\"async\" width=\"250\" height=\"250\" src=\"https:\/\/zapgz.hr\/al\/wp-content\/uploads\/sites\/2\/2025\/02\/cropped-zapgz-250-1.webp\" class=\"attachment-large size-large wp-image-10981\" alt=\"\" srcset=\"https:\/\/zapgz.hr\/al\/wp-content\/uploads\/sites\/2\/2025\/02\/cropped-zapgz-250-1.webp 250w, https:\/\/zapgz.hr\/al\/wp-content\/uploads\/sites\/2\/2025\/02\/cropped-zapgz-250-1-150x150.webp 150w\" sizes=\"(max-width: 250px) 100vw, 250px\" \/>\t\t\t\t\t\t\t\t\t\t\t\t\t\t\t<\/div>\n\t\t\t\t<\/div>\n\t\t\t\t<\/div>\n\t\t<div class=\"elementor-element elementor-element-de4c3ef e-con-full e-flex convert--none bg--none no e-con e-child\" data-id=\"de4c3ef\" data-element_type=\"container\" data-e-type=\"container\">\n\t\t\t\t<div class=\"elementor-element elementor-element-46bcead elementor-widget elementor-widget-petextwrapper\" data-id=\"46bcead\" data-element_type=\"widget\" data-e-type=\"widget\" data-widget_type=\"petextwrapper.default\">\n\t\t\t\t<div class=\"elementor-widget-container\">\n\t\t\t\t\t\n<div class=\"text-wrapper\">\n\n    <p class=\"text-h3  no-margin \"> Bashk\u00ebsija Shqiptare PBM<\/p>\n\n<\/div>\n\n\t\t\t\t<\/div>\n\t\t\t\t<\/div>\n\t\t\t\t<div class=\"elementor-element elementor-element-4c1635c elementor-widget elementor-widget-petextwrapper\" data-id=\"4c1635c\" data-element_type=\"widget\" data-e-type=\"widget\" data-widget_type=\"petextwrapper.default\">\n\t\t\t\t<div class=\"elementor-widget-container\">\n\t\t\t\t\t\n<div class=\"text-wrapper\">\n\n    <p class=\"text-p p-large  \"> Komuniteti i Shqiptar\u00ebve t\u00eb Qarkut Primorsko-goranska u themelua m\u00eb 01.05.1994 me q\u00ebllim ruajtjen e identitetit kulturor, promovimin e tradit\u00ebs dhe p\u00ebrmir\u00ebsimin e pozit\u00ebs shoq\u00ebrore dhe politike t\u00eb pakic\u00ebs komb\u00ebtare shqiptare n\u00eb Qarkun Primorsko-goranska dhe Kroaci. Misioni yn\u00eb p\u00ebrfshin bashk\u00ebpunimin me institucionet lokale dhe shtet\u00ebrore, organizimin e ngjarjeve kulturore dhe arsimore si dhe ofrimin e mb\u00ebshtetjes p\u00ebr an\u00ebtar\u00ebt e komunitetit n\u00eb realizimin e t\u00eb drejtave t\u00eb tyre.\n\nMe krenari theksojm\u00eb r\u00ebnd\u00ebsin\u00eb e integrimit duke ruajtur identitetin komb\u00ebtar dhe angazhohemi p\u00ebr forcimin e mir\u00ebkuptimit dhe bashk\u00ebpunimit midis pakicave t\u00eb ndryshme komb\u00ebtare n\u00eb Republik\u00ebn e Kroacis\u00eb. Aktivitetet tona bazohen n\u00eb dispozitat e Ligjit Kushtetues p\u00ebr t\u00eb Drejtat e Pakicave Komb\u00ebtare dhe udh\u00ebhiqemi nga vlerat e barazis\u00eb, toleranc\u00ebs dhe unitetit.<\/p>\n\n<\/div>\n\n\t\t\t\t<\/div>\n\t\t\t\t<\/div>\n\t\t\t\t<div class=\"elementor-element elementor-element-8fcc83e elementor-widget elementor-widget-petextwrapper\" data-id=\"8fcc83e\" data-element_type=\"widget\" data-e-type=\"widget\" data-widget_type=\"petextwrapper.default\">\n\t\t\t\t<div class=\"elementor-widget-container\">\n\t\t\t\t\t\n<div class=\"text-wrapper\">\n\n    <p class=\"text-p p-large no-margin \"> Filozofia<\/p>\n\n<\/div>\n\n\t\t\t\t<\/div>\n\t\t\t\t<\/div>\n\t\t\t\t<div class=\"elementor-element elementor-element-a9cfa6e elementor-widget elementor-widget-petextwrapper\" data-id=\"a9cfa6e\" data-element_type=\"widget\" data-e-type=\"widget\" data-widget_type=\"petextwrapper.default\">\n\t\t\t\t<div class=\"elementor-widget-container\">\n\t\t\t\t\t\n<div class=\"text-wrapper\">\n\n    <p class=\"text-p p-large  \"> P\u00ebrmes unitetit, mbledhjeve dhe projekteve, forcojm\u00eb lidhjet brenda komunitetit dhe kultivojm\u00eb bashk\u00ebpunimin me popullsin\u00eb lokale, duke kontribuar n\u00eb pasurin\u00eb multikulturore dhe mir\u00ebkuptimin e nd\u00ebrsjell\u00eb n\u00eb k\u00ebt\u00eb pjes\u00eb t\u00eb Kroacis\u00eb.<\/p>\n\n<\/div>\n\n\t\t\t\t<\/div>\n\t\t\t\t<\/div>\n\t\t\t\t<\/div>\n\t\t\t\t<\/div>\n\t\t<div class=\"elementor-element elementor-element-d0a0959 e-con-full e-flex convert--none bg--none no e-con e-parent\" data-id=\"d0a0959\" data-element_type=\"container\" data-e-type=\"container\">\n\t\t<div class=\"elementor-element elementor-element-227d2e5 e-con-full e-flex convert--none bg--none no e-con e-child\" data-id=\"227d2e5\" data-element_type=\"container\" data-e-type=\"container\">\n\t\t\t\t<div class=\"elementor-element elementor-element-27522c1 elementor-widget elementor-widget-petextwrapper\" data-id=\"27522c1\" data-element_type=\"widget\" data-e-type=\"widget\" data-widget_type=\"petextwrapper.default\">\n\t\t\t\t<div class=\"elementor-widget-container\">\n\t\t\t\t\t\n<div class=\"text-wrapper\">\n\n    <p class=\"text-p p-large  \"> Komuniteti dhe njer\u00ebzit<\/p>\n\n<\/div>\n\n\t\t\t\t<\/div>\n\t\t\t\t<\/div>\n\t\t\t\t<\/div>\n\t\t<div class=\"elementor-element elementor-element-19fef4f e-con-full e-flex convert--none bg--none no e-con e-child\" data-id=\"19fef4f\" data-element_type=\"container\" data-e-type=\"container\">\n\t\t\t\t<div class=\"elementor-element elementor-element-7d20750 elementor-widget elementor-widget-petextwrapper\" data-id=\"7d20750\" data-element_type=\"widget\" data-e-type=\"widget\" data-widget_type=\"petextwrapper.default\">\n\t\t\t\t<div class=\"elementor-widget-container\">\n\t\t\t\t\t\n<div class=\"text-wrapper\">\n\n    <p class=\"text-h3  no-margin \"> \nTakoni p\u00ebrfaq\u00ebsuesit tan\u00eb<\/p>\n\n<\/div>\n\n\t\t\t\t<\/div>\n\t\t\t\t<\/div>\n\t\t\t\t<div class=\"elementor-element elementor-element-7db353a elementor-widget elementor-widget-petextwrapper\" data-id=\"7db353a\" data-element_type=\"widget\" data-e-type=\"widget\" data-widget_type=\"petextwrapper.default\">\n\t\t\t\t<div class=\"elementor-widget-container\">\n\t\t\t\t\t\n<div class=\"text-wrapper\">\n\n    <p class=\"text-p p-large  \"> Kryetari i Komunitetit t\u00eb Shqiptar\u00ebve ka nj\u00eb rol ky\u00e7 n\u00eb drejtimin, organizimin dhe p\u00ebrfaq\u00ebsimin e komunitetit. P\u00ebrgjegj\u00ebsit\u00eb e tij p\u00ebrfshijn\u00eb:\n\nP\u00ebrfaq\u00ebsimi i komunitetit \u2013 P\u00ebrfaq\u00ebson interesat e shqiptar\u00ebve n\u00eb Qarkun Primorsko-goranska para autoriteteve lokale, institucioneve dhe komuniteteve t\u00eb tjera pakic\u00eb.\n\nRuajtja e kultur\u00ebs dhe identitetit \u2013 Organizimi i ngjarjeve kulturore, manifestimeve dhe programeve edukative q\u00eb promovojn\u00eb tradit\u00ebn, gjuh\u00ebn dhe zakonet shqiptare.\n\nLidhja e an\u00ebtar\u00ebve \u2013 Forcimi i unitetit p\u00ebrmes aktiviteteve t\u00eb ndryshme, mbledhjeve dhe projekteve, duke nxitur bashk\u00ebpunimin dhe solidaritetin e nd\u00ebrsjell\u00eb.\n\nBashk\u00ebpunimi me institucionet \u2013 Pun\u00eb me autoritetet lokale, institucionet kulturore dhe arsimore, si dhe ambasadat p\u00ebr realizimin e t\u00eb drejtave dhe p\u00ebrmir\u00ebsimin e kushteve p\u00ebr an\u00ebtar\u00ebt e komunitetit.\n\nZhvillimi dhe financimi i projekteve \u2013 Sigurimi i fondeve p\u00ebr projekte kulturore, shoq\u00ebrore dhe arsimore p\u00ebrmes donacioneve, konkurseve dhe partneriteteve.\n\nKryetari \u00ebsht\u00eb figura kryesore q\u00eb lidh komunitetin, nxit zhvillimin e tij dhe siguron ruajtjen e trash\u00ebgimis\u00eb kulturore shqiptare n\u00eb k\u00ebt\u00eb pjes\u00eb t\u00eb Kroacis\u00eb.<\/p>\n\n<\/div>\n\n\t\t\t\t<\/div>\n\t\t\t\t<\/div>\n\t\t\t\t<div class=\"elementor-element elementor-element-454e405 elementor-widget elementor-widget-peteammember\" data-id=\"454e405\" data-element_type=\"widget\" data-e-type=\"widget\" data-widget_type=\"peteammember.default\">\n\t\t\t\t<div class=\"elementor-widget-container\">\n\t\t\t\t\t\n        <div class=\"pe--team--member\">\n\n            <div class=\"team--member--wrapper\">\n\n                <div class=\"team--member--image\">\n\n                    \n                <\/div>\n                \n                <div class=\"team--member--cont\">\n\n                    <div class=\"team--member--name\">\n                        Gjergj Lekaj                    <\/div>\n                    <div class=\"team--member--title\">\n                        Predsjednik ZAPG\u017d                    <\/div>\n\n                <\/div>\n\n                <div class=\"team--member--socials\">\n\n                    <ul><li><a target=\"_blank\" href=\"\"><\/a><\/li>\n                    <\/ul>\n\n                <\/div>\n\n                <div class=\"team--member--toggle\">\n\n                <span><\/span>\n                <span><\/span>\n\n                <\/div>\n\n                <div class=\"team--member--summ\">\n\n                    \n                <\/div>\n\n            <\/div>\n\n        <\/div>\n\n\n\n        \t\t\t\t<\/div>\n\t\t\t\t<\/div>\n\t\t\t\t<\/div>\n\t\t\t\t<\/div>\n\t\t<div class=\"elementor-element elementor-element-cdf5689 e-con-full e-flex convert--none bg--none no e-con e-parent\" data-id=\"cdf5689\" data-element_type=\"container\" data-e-type=\"container\">\n\t\t\t\t<div class=\"elementor-element elementor-element-a9b208a elementor-widget-divider--view-line elementor-widget elementor-widget-divider\" data-id=\"a9b208a\" data-element_type=\"widget\" data-e-type=\"widget\" data-widget_type=\"divider.default\">\n\t\t\t\t<div class=\"elementor-widget-container\">\n\t\t\t\t\t\t\t<div class=\"elementor-divider\">\n\t\t\t<span class=\"elementor-divider-separator\">\n\t\t\t\t\t\t<\/span>\n\t\t<\/div>\n\t\t\t\t\t\t<\/div>\n\t\t\t\t<\/div>\n\t\t\t\t<div class=\"elementor-element elementor-element-f64a18a elementor-widget elementor-widget-petextwrapper\" data-id=\"f64a18a\" data-element_type=\"widget\" data-e-type=\"widget\" data-widget_type=\"petextwrapper.default\">\n\t\t\t\t<div class=\"elementor-widget-container\">\n\t\t\t\t\t\n<div class=\"text-wrapper\">\n\n    <p class=\"text-h5   \"> T\u00eb dashur bashkatdhetar\u00eb,\n\nKultura, gjuha dhe tradita jon\u00eb jan\u00eb nj\u00eb pasuri q\u00eb duhet ta ruajm\u00eb dhe ta kultivojm\u00eb!<\/p>\n\n<\/div>\n\n\t\t\t\t<\/div>\n\t\t\t\t<\/div>\n\t\t\t\t<div class=\"elementor-element elementor-element-460b6d2 elementor-widget elementor-widget-petextwrapper\" data-id=\"460b6d2\" data-element_type=\"widget\" data-e-type=\"widget\" data-widget_type=\"petextwrapper.default\">\n\t\t\t\t<div class=\"elementor-widget-container\">\n\t\t\t\t\t\n<div class=\"text-wrapper\">\n\n    <p class=\"text-h5   \"> Komuniteti i Shqiptar\u00ebve t\u00eb Qarkut Primorsko-goranska \u00ebsht\u00eb nj\u00eb vend ku mund t\u00eb festojm\u00eb s\u00eb bashku identitetin ton\u00eb, t\u00eb lidhemi, t\u00eb mb\u00ebshtesim nj\u00ebri-tjetrin dhe t\u00eb kontribuojm\u00eb n\u00eb shoq\u00ebrin\u00eb multikulturore ku jetojm\u00eb.\n\nBashkohuni me ne, merrni pjes\u00eb n\u00eb manifestime kulturore, programe edukative dhe aktivitete shoq\u00ebrore. Idet\u00eb, energjia dhe entuziazmi juaj mund t\u00eb ndihmojn\u00eb n\u00eb forcimin e komunitetit ton\u00eb dhe krijimin e lidhjeve t\u00eb forta mes nesh.<\/p>\n\n<\/div>\n\n\t\t\t\t<\/div>\n\t\t\t\t<\/div>\n\t\t\t\t<div class=\"elementor-element elementor-element-a89205e elementor-widget elementor-widget-petextwrapper\" data-id=\"a89205e\" data-element_type=\"widget\" data-e-type=\"widget\" data-widget_type=\"petextwrapper.default\">\n\t\t\t\t<div class=\"elementor-widget-container\">\n\t\t\t\t\t\n<div class=\"text-wrapper\">\n\n    <p class=\"text-h5   \"> Le t\u00eb jemi krenar\u00eb p\u00ebr rr\u00ebnj\u00ebt tona dhe t\u00eb nd\u00ebrtojm\u00eb t\u00eb ardhmen s\u00eb bashku!\n\nKomuniteti juaj ju pret \u2013 b\u00ebhuni pjes\u00eb e tij!<\/p>\n\n<\/div>\n\n\t\t\t\t<\/div>\n\t\t\t\t<\/div>\n\t\t\t\t<div class=\"wd--always--show elementor-element elementor-element-15ecf37 elementor-widget__width-initial elementor-widget elementor-widget-pebutton\" data-id=\"15ecf37\" data-element_type=\"widget\" data-e-type=\"widget\" data-widget_type=\"pebutton.default\">\n\t\t\t\t<div class=\"elementor-widget-container\">\n\t\t\t\t\t\n<div class=\"pe--button pb--background false false false pb--icon icon__right pb--normal link\"  >\n\n    <div class=\"pe--button--wrapper\">\n\n        \n        <a href=\"https:\/\/zapgz.hr\/al\/kontakto\/\" rel=\"nofollow\" >\n\n            \n            <span class=\"pb__main\">Kontakto<i aria-hidden=\"true\" class=\"material-icons md-arrow_outward\" data-md-icon=\"arrow_outward\"><\/i>\n                \n\n                <span class=\"pb__hover\">Kontakto<i aria-hidden=\"true\" class=\"material-icons md-arrow_outward\" data-md-icon=\"arrow_outward\"><\/i><\/span>\n\n                \n            <\/span>\n\n\n            \n            \n        <\/a>\n       \n\n\n    <\/div>\n\n<\/div>\n\n\t\t\t\t<\/div>\n\t\t\t\t<\/div>\n\t\t\t\t<\/div>\n\t\t\t\t<\/div>\n\t\t","protected":false},"excerpt":{"rendered":"<p>Bashk\u00ebsija Shqiptare PBM Komuniteti i Shqiptar\u00ebve t\u00eb Qarkut Primorsko-goranska u themelua m\u00eb 01.05.1994 me q\u00ebllim ruajtjen e identitetit kulturor, promovimin&#8230;<\/p>\n","protected":false},"author":1,"featured_media":0,"parent":0,"menu_order":0,"comment_status":"closed","ping_status":"closed","template":"","meta":{"_acf_changed":false,"footnotes":""},"class_list":["post-180","page","type-page","status-publish","hentry"],"acf":[],"_links":{"self":[{"href":"https:\/\/zapgz.hr\/al\/wp-json\/wp\/v2\/pages\/180","targetHints":{"allow":["GET"]}}],"collection":[{"href":"https:\/\/zapgz.hr\/al\/wp-json\/wp\/v2\/pages"}],"about":[{"href":"https:\/\/zapgz.hr\/al\/wp-json\/wp\/v2\/types\/page"}],"author":[{"embeddable":true,"href":"https:\/\/zapgz.hr\/al\/wp-json\/wp\/v2\/users\/1"}],"replies":[{"embeddable":true,"href":"https:\/\/zapgz.hr\/al\/wp-json\/wp\/v2\/comments?post=180"}],"version-history":[{"count":21,"href":"https:\/\/zapgz.hr\/al\/wp-json\/wp\/v2\/pages\/180\/revisions"}],"predecessor-version":[{"id":11544,"href":"https:\/\/zapgz.hr\/al\/wp-json\/wp\/v2\/pages\/180\/revisions\/11544"}],"wp:attachment":[{"href":"https:\/\/zapgz.hr\/al\/wp-json\/wp\/v2\/media?parent=180"}],"curies":[{"name":"wp","href":"https:\/\/api.w.org\/{rel}","templated":true}]}}