{"id":11332,"date":"2025-02-20T03:21:27","date_gmt":"2025-02-20T02:21:27","guid":{"rendered":"https:\/\/zapgz.hr\/al\/?page_id=11332"},"modified":"2025-03-20T11:01:43","modified_gmt":"2025-03-20T10:01:43","slug":"lajme","status":"publish","type":"page","link":"https:\/\/zapgz.hr\/al\/lajme\/","title":{"rendered":"Lajme"},"content":{"rendered":"\t\t<div data-elementor-type=\"wp-page\" data-elementor-id=\"11332\" class=\"elementor elementor-11332\">\n\t\t\t\t<div class=\"elementor-element elementor-element-b5a3d97 e-con-full e-flex convert--none bg--none no e-con e-parent\" data-id=\"b5a3d97\" data-element_type=\"container\" data-e-type=\"container\">\n\t\t<div class=\"elementor-element elementor-element-92d14b1 e-con-full e-flex convert--none bg--none no e-con e-child\" data-id=\"92d14b1\" data-element_type=\"container\" data-e-type=\"container\">\n\t\t\t\t<\/div>\n\t\t\t\t<\/div>\n\t\t<div class=\"elementor-element elementor-element-bf18db4 e-flex e-con-boxed convert--none bg--none no e-con e-parent\" data-id=\"bf18db4\" data-element_type=\"container\" data-e-type=\"container\">\n\t\t\t\t\t<div class=\"e-con-inner\">\n\t\t\t\t<div class=\"elementor-element elementor-element-1fa9189 elementor-widget elementor-widget-heading\" data-id=\"1fa9189\" data-element_type=\"widget\" data-e-type=\"widget\" data-widget_type=\"heading.default\">\n\t\t\t\t<div class=\"elementor-widget-container\">\n\t\t\t\t\t<h2 class=\"elementor-heading-title elementor-size-default\">Lajme<\/h2>\t\t\t\t<\/div>\n\t\t\t\t<\/div>\n\t\t\t\t\t<\/div>\n\t\t\t\t<\/div>\n\t\t<div class=\"elementor-element elementor-element-7882dbf e-flex e-con-boxed convert--none bg--none no e-con e-parent\" data-id=\"7882dbf\" data-element_type=\"container\" data-e-type=\"container\">\n\t\t\t\t\t<div class=\"e-con-inner\">\n\t\t\t\t<div class=\"elementor-element elementor-element-311c029 elementor-widget elementor-widget-qi_addons_for_elementor_blog_list\" data-id=\"311c029\" data-element_type=\"widget\" data-e-type=\"widget\" data-widget_type=\"qi_addons_for_elementor_blog_list.default\">\n\t\t\t\t<div class=\"elementor-widget-container\">\n\t\t\t\t\t<div class=\"qodef-shortcode qodef-m qodef-addons-blog-list qodef--list qodef-info-no-icons qodef-title--hover-underline qodef-image--hover-zoom qodef-qi-grid qodef-layout--qi-columns qodef-col-num--3 qodef-item-layout--standard qodef-responsive--predefined\" >\n\t<div class=\"qodef-grid-inner\">\n\t\t<article class=\"qodef-e qodef-blog-item qodef-grid-item qodef-item--full post-11282 post type-post status-publish format-standard has-post-thumbnail hentry category-dogadjanja\">\n\t<div class=\"qodef-e-inner\">\n\t\t<div class=\"qodef-e-media\">\n\t\t<div class=\"qodef-e-media-image\">\n\t\t<a itemprop=\"url\" href=\"https:\/\/zapgz.hr\/al\/blog\/poziv-na-promociju-zbirke-poezije-selima-mulliqi\/\">\n\t\t\t<img fetchpriority=\"high\" decoding=\"async\" width=\"1920\" height=\"1080\" src=\"https:\/\/zapgz.hr\/al\/wp-content\/uploads\/sites\/2\/2025\/02\/najava.webp\" class=\"attachment-full size-full\" alt=\"\" srcset=\"https:\/\/zapgz.hr\/al\/wp-content\/uploads\/sites\/2\/2025\/02\/najava.webp 1920w, https:\/\/zapgz.hr\/al\/wp-content\/uploads\/sites\/2\/2025\/02\/najava-300x169.webp 300w, https:\/\/zapgz.hr\/al\/wp-content\/uploads\/sites\/2\/2025\/02\/najava-1024x576.webp 1024w, https:\/\/zapgz.hr\/al\/wp-content\/uploads\/sites\/2\/2025\/02\/najava-768x432.webp 768w, https:\/\/zapgz.hr\/al\/wp-content\/uploads\/sites\/2\/2025\/02\/najava-1536x864.webp 1536w\" sizes=\"(max-width: 1920px) 100vw, 1920px\" \/>\t\t<\/a>\n\t\t\t<\/div>\n<\/div>\n\t\t<div class=\"qodef-e-content\">\n\t\t\t\t\t\t\t<div class=\"qodef-e-info qodef-info--top\">\n\t\t\t\t\t<div itemprop=\"dateCreated\" class=\"qodef-e-info-item qodef-e-info-date entry-date \">\n\t<a itemprop=\"url\" href=\"https:\/\/zapgz.hr\/al\/blog\/2025\/02\/\">\n\t\t\t\t17\/02\/2025\t<\/a>\n<\/div>\n<div class=\"qodef-e-info-item qodef-e-info-category\">\n\t\t<a href=\"https:\/\/zapgz.hr\/al\/blog\/category\/dogadjanja\/\" rel=\"category tag\">Ngjarjet<\/a><\/div>\n\t\t\t\t<\/div>\n\t\t\t\t\t\t<div class=\"qodef-e-text\">\n\t\t\t\t<h5 itemprop=\"name\" class=\"qodef-e-title entry-title\">\n\t<a itemprop=\"url\" class=\"qodef-e-title-link\" href=\"https:\/\/zapgz.hr\/al\/blog\/poziv-na-promociju-zbirke-poezije-selima-mulliqi\/\">\n\t\tPoziv na promociju zbirke poezije Selima Mulliqi\t<\/a>\n<\/h5>\n\t\t<p itemprop=\"description\" class=\"qodef-e-excerpt\">\n\t\t\t\u010cast nam je pozvati Vas na promociju zbirke poezije Selima Mulliqi! Promocija \u0107e se odr\u017eati u \u010detvrtak 20. velja\u010de, s...\t\t<\/p>\n\t\t\t\t<\/div>\n\t\t\t\t\t<\/div>\n\t<\/div>\n<\/article>\n<article class=\"qodef-e qodef-blog-item qodef-grid-item qodef-item--full post-11300 post type-post status-publish format-standard has-post-thumbnail hentry category-dogadjanja tag-izlozba\">\n\t<div class=\"qodef-e-inner\">\n\t\t<div class=\"qodef-e-media\">\n\t\t<div class=\"qodef-e-media-image\">\n\t\t<a itemprop=\"url\" href=\"https:\/\/zapgz.hr\/al\/blog\/izlozba-clanice-kud-a-shota-slikarska-izlozba\/\">\n\t\t\t<img decoding=\"async\" width=\"1920\" height=\"1080\" src=\"https:\/\/zapgz.hr\/al\/wp-content\/uploads\/sites\/2\/2024\/12\/web1.webp\" class=\"attachment-full size-full\" alt=\"\" srcset=\"https:\/\/zapgz.hr\/al\/wp-content\/uploads\/sites\/2\/2024\/12\/web1.webp 1920w, https:\/\/zapgz.hr\/al\/wp-content\/uploads\/sites\/2\/2024\/12\/web1-300x169.webp 300w, https:\/\/zapgz.hr\/al\/wp-content\/uploads\/sites\/2\/2024\/12\/web1-1024x576.webp 1024w, https:\/\/zapgz.hr\/al\/wp-content\/uploads\/sites\/2\/2024\/12\/web1-768x432.webp 768w, https:\/\/zapgz.hr\/al\/wp-content\/uploads\/sites\/2\/2024\/12\/web1-1536x864.webp 1536w\" sizes=\"(max-width: 1920px) 100vw, 1920px\" \/>\t\t<\/a>\n\t\t\t<\/div>\n<\/div>\n\t\t<div class=\"qodef-e-content\">\n\t\t\t\t\t\t\t<div class=\"qodef-e-info qodef-info--top\">\n\t\t\t\t\t<div itemprop=\"dateCreated\" class=\"qodef-e-info-item qodef-e-info-date entry-date \">\n\t<a itemprop=\"url\" href=\"https:\/\/zapgz.hr\/al\/blog\/2024\/12\/\">\n\t\t\t\t23\/12\/2024\t<\/a>\n<\/div>\n<div class=\"qodef-e-info-item qodef-e-info-category\">\n\t\t<a href=\"https:\/\/zapgz.hr\/al\/blog\/category\/dogadjanja\/\" rel=\"category tag\">Ngjarjet<\/a><\/div>\n\t\t\t\t<\/div>\n\t\t\t\t\t\t<div class=\"qodef-e-text\">\n\t\t\t\t<h5 itemprop=\"name\" class=\"qodef-e-title entry-title\">\n\t<a itemprop=\"url\" class=\"qodef-e-title-link\" href=\"https:\/\/zapgz.hr\/al\/blog\/izlozba-clanice-kud-a-shota-slikarska-izlozba\/\">\n\t\tIzlo\u017eba \u010dlanice KUD-a Shota \u2013 slikarska izlo\u017eba\t<\/a>\n<\/h5>\n\t\t<p itemprop=\"description\" class=\"qodef-e-excerpt\">\n\t\t\t\u010clanica Zajednice Albanaca PG\u017d, u organizaciji Udruge \u017dena Drita u Zagrebu, odr\u017eala je izlo\u017ebu pod nazivom &#8220;Izme\u0111u snova i ljubavi&#8221;....\t\t<\/p>\n\t\t\t\t<\/div>\n\t\t\t\t\t<\/div>\n\t<\/div>\n<\/article>\n<article class=\"qodef-e qodef-blog-item qodef-grid-item qodef-item--full post-11293 post type-post status-publish format-standard has-post-thumbnail hentry category-novosti tag-cres tag-gani-xharrahi tag-lena-marku tag-marin-gregorovic\">\n\t<div class=\"qodef-e-inner\">\n\t\t<div class=\"qodef-e-media\">\n\t\t<div class=\"qodef-e-media-image\">\n\t\t<a itemprop=\"url\" href=\"https:\/\/zapgz.hr\/al\/blog\/predstavnici-zajednice-albanaca-pgz-posjetili-grad-cres\/\">\n\t\t\t<img decoding=\"async\" width=\"1920\" height=\"1080\" src=\"https:\/\/zapgz.hr\/al\/wp-content\/uploads\/sites\/2\/2024\/12\/web1.webp\" class=\"attachment-full size-full\" alt=\"\" srcset=\"https:\/\/zapgz.hr\/al\/wp-content\/uploads\/sites\/2\/2024\/12\/web1.webp 1920w, https:\/\/zapgz.hr\/al\/wp-content\/uploads\/sites\/2\/2024\/12\/web1-300x169.webp 300w, https:\/\/zapgz.hr\/al\/wp-content\/uploads\/sites\/2\/2024\/12\/web1-1024x576.webp 1024w, https:\/\/zapgz.hr\/al\/wp-content\/uploads\/sites\/2\/2024\/12\/web1-768x432.webp 768w, https:\/\/zapgz.hr\/al\/wp-content\/uploads\/sites\/2\/2024\/12\/web1-1536x864.webp 1536w\" sizes=\"(max-width: 1920px) 100vw, 1920px\" \/>\t\t<\/a>\n\t\t\t<\/div>\n<\/div>\n\t\t<div class=\"qodef-e-content\">\n\t\t\t\t\t\t\t<div class=\"qodef-e-info qodef-info--top\">\n\t\t\t\t\t<div itemprop=\"dateCreated\" class=\"qodef-e-info-item qodef-e-info-date entry-date \">\n\t<a itemprop=\"url\" href=\"https:\/\/zapgz.hr\/al\/blog\/2024\/12\/\">\n\t\t\t\t18\/12\/2024\t<\/a>\n<\/div>\n<div class=\"qodef-e-info-item qodef-e-info-category\">\n\t\t<a href=\"https:\/\/zapgz.hr\/al\/blog\/category\/novosti\/\" rel=\"category tag\">Lajme<\/a><\/div>\n\t\t\t\t<\/div>\n\t\t\t\t\t\t<div class=\"qodef-e-text\">\n\t\t\t\t<h5 itemprop=\"name\" class=\"qodef-e-title entry-title\">\n\t<a itemprop=\"url\" class=\"qodef-e-title-link\" href=\"https:\/\/zapgz.hr\/al\/blog\/predstavnici-zajednice-albanaca-pgz-posjetili-grad-cres\/\">\n\t\tPredstavnici Zajednice Albanaca PG\u017d posjetili Grad Cres\t<\/a>\n<\/h5>\n\t\t<p itemprop=\"description\" class=\"qodef-e-excerpt\">\n\t\t\tPredstavnici Zajednice Albanaca PG\u017d posjetili su Grad Cres te odr\u017eali radni sastanak s gradona\u010delnikom Cresa Marinom Gregorovi\u0107em i njegovim suradnicima....\t\t<\/p>\n\t\t\t\t<\/div>\n\t\t\t\t\t<\/div>\n\t<\/div>\n<\/article>\n<article class=\"qodef-e qodef-blog-item qodef-grid-item qodef-item--full post-11297 post type-post status-publish format-standard has-post-thumbnail hentry category-dogadjanja tag-ermina-lekaj-prljaskaj tag-martin-berisha tag-rrustem-berisha tag-tonu-marku\">\n\t<div class=\"qodef-e-inner\">\n\t\t<div class=\"qodef-e-media\">\n\t\t<div class=\"qodef-e-media-image\">\n\t\t<a itemprop=\"url\" href=\"https:\/\/zapgz.hr\/al\/blog\/odrzana-20-obljetnica-osnivanja-zajednice-albanaca-pgz-a\/\">\n\t\t\t<img decoding=\"async\" width=\"1920\" height=\"1080\" src=\"https:\/\/zapgz.hr\/al\/wp-content\/uploads\/sites\/2\/2024\/12\/web1.webp\" class=\"attachment-full size-full\" alt=\"\" srcset=\"https:\/\/zapgz.hr\/al\/wp-content\/uploads\/sites\/2\/2024\/12\/web1.webp 1920w, https:\/\/zapgz.hr\/al\/wp-content\/uploads\/sites\/2\/2024\/12\/web1-300x169.webp 300w, https:\/\/zapgz.hr\/al\/wp-content\/uploads\/sites\/2\/2024\/12\/web1-1024x576.webp 1024w, https:\/\/zapgz.hr\/al\/wp-content\/uploads\/sites\/2\/2024\/12\/web1-768x432.webp 768w, https:\/\/zapgz.hr\/al\/wp-content\/uploads\/sites\/2\/2024\/12\/web1-1536x864.webp 1536w\" sizes=\"(max-width: 1920px) 100vw, 1920px\" \/>\t\t<\/a>\n\t\t\t<\/div>\n<\/div>\n\t\t<div class=\"qodef-e-content\">\n\t\t\t\t\t\t\t<div class=\"qodef-e-info qodef-info--top\">\n\t\t\t\t\t<div itemprop=\"dateCreated\" class=\"qodef-e-info-item qodef-e-info-date entry-date \">\n\t<a itemprop=\"url\" href=\"https:\/\/zapgz.hr\/al\/blog\/2024\/12\/\">\n\t\t\t\t16\/12\/2024\t<\/a>\n<\/div>\n<div class=\"qodef-e-info-item qodef-e-info-category\">\n\t\t<a href=\"https:\/\/zapgz.hr\/al\/blog\/category\/dogadjanja\/\" rel=\"category tag\">Ngjarjet<\/a><\/div>\n\t\t\t\t<\/div>\n\t\t\t\t\t\t<div class=\"qodef-e-text\">\n\t\t\t\t<h5 itemprop=\"name\" class=\"qodef-e-title entry-title\">\n\t<a itemprop=\"url\" class=\"qodef-e-title-link\" href=\"https:\/\/zapgz.hr\/al\/blog\/odrzana-20-obljetnica-osnivanja-zajednice-albanaca-pgz-a\/\">\n\t\tOdr\u017eana 20. obljetnica osnivanja Zajednice Albanaca PG\u017d-a\t<\/a>\n<\/h5>\n\t\t<p itemprop=\"description\" class=\"qodef-e-excerpt\">\n\t\t\tU Gradskoj vije\u0107nici Grada Rijeke, uz brojne goste i uzvanike, sve\u010dano smo obilje\u017eili 30 godina djelovanja Zajednice Albanaca PG\u017d. Predava\u010di...\t\t<\/p>\n\t\t\t\t<\/div>\n\t\t\t\t\t<\/div>\n\t<\/div>\n<\/article>\n\t<\/div>\n\t<\/div>\n\t\t\t\t<\/div>\n\t\t\t\t<\/div>\n\t\t\t\t\t<\/div>\n\t\t\t\t<\/div>\n\t\t\t\t<\/div>\n\t\t","protected":false},"excerpt":{"rendered":"<p>Lajme 17\/02\/2025 Ngjarjet Poziv na promociju zbirke poezije Selima Mulliqi \u010cast nam je pozvati Vas na promociju zbirke poezije Selima&#8230;<\/p>\n","protected":false},"author":1,"featured_media":0,"parent":0,"menu_order":0,"comment_status":"closed","ping_status":"closed","template":"","meta":{"_acf_changed":false,"footnotes":""},"class_list":["post-11332","page","type-page","status-publish","hentry"],"acf":[],"_links":{"self":[{"href":"https:\/\/zapgz.hr\/al\/wp-json\/wp\/v2\/pages\/11332","targetHints":{"allow":["GET"]}}],"collection":[{"href":"https:\/\/zapgz.hr\/al\/wp-json\/wp\/v2\/pages"}],"about":[{"href":"https:\/\/zapgz.hr\/al\/wp-json\/wp\/v2\/types\/page"}],"author":[{"embeddable":true,"href":"https:\/\/zapgz.hr\/al\/wp-json\/wp\/v2\/users\/1"}],"replies":[{"embeddable":true,"href":"https:\/\/zapgz.hr\/al\/wp-json\/wp\/v2\/comments?post=11332"}],"version-history":[{"count":17,"href":"https:\/\/zapgz.hr\/al\/wp-json\/wp\/v2\/pages\/11332\/revisions"}],"predecessor-version":[{"id":11550,"href":"https:\/\/zapgz.hr\/al\/wp-json\/wp\/v2\/pages\/11332\/revisions\/11550"}],"wp:attachment":[{"href":"https:\/\/zapgz.hr\/al\/wp-json\/wp\/v2\/media?parent=11332"}],"curies":[{"name":"wp","href":"https:\/\/api.w.org\/{rel}","templated":true}]}}