{"id":10940,"date":"2024-05-07T00:42:36","date_gmt":"2024-05-07T00:42:36","guid":{"rendered":"https:\/\/leksa.pethemes.com\/?page_id=188"},"modified":"2025-03-20T10:12:26","modified_gmt":"2025-03-20T09:12:26","slug":"kontakto","status":"publish","type":"page","link":"https:\/\/zapgz.hr\/al\/kontakto\/","title":{"rendered":"Kontakto"},"content":{"rendered":"\t\t<div data-elementor-type=\"wp-page\" data-elementor-id=\"10940\" class=\"elementor elementor-10940\">\n\t\t\t\t<div class=\"elementor-element elementor-element-3b99d2c e-con-full e-flex convert--none bg--none no e-con e-parent\" data-id=\"3b99d2c\" data-element_type=\"container\" data-e-type=\"container\">\n\t\t\t\t<div class=\"elementor-element elementor-element-a417bc4 elementor-widget elementor-widget-google_maps\" data-id=\"a417bc4\" data-element_type=\"widget\" data-e-type=\"widget\" data-widget_type=\"google_maps.default\">\n\t\t\t\t<div class=\"elementor-widget-container\">\n\t\t\t\t\t\t\t<div class=\"elementor-custom-embed\">\n\t\t\t<iframe loading=\"lazy\"\n\t\t\t\t\tsrc=\"https:\/\/maps.google.com\/maps?q=Pavlinski%20trg%205%2C%20Rijeka&#038;t=m&#038;z=17&#038;output=embed&#038;iwloc=near\"\n\t\t\t\t\ttitle=\"Pavlinski trg 5, Rijeka\"\n\t\t\t\t\taria-label=\"Pavlinski trg 5, Rijeka\"\n\t\t\t><\/iframe>\n\t\t<\/div>\n\t\t\t\t\t\t<\/div>\n\t\t\t\t<\/div>\n\t\t\t\t<\/div>\n\t\t<div class=\"elementor-element elementor-element-b0d8b65 e-con-full e-flex convert--none bg--none no e-con e-parent\" data-id=\"b0d8b65\" data-element_type=\"container\" data-e-type=\"container\">\n\t\t<div class=\"elementor-element elementor-element-2f79e11 e-con-full e-flex convert--none bg--none no e-con e-child\" data-id=\"2f79e11\" data-element_type=\"container\" data-e-type=\"container\" id=\"contact\">\n\t\t<div class=\"elementor-element elementor-element-58abb5b e-con-full e-flex convert--none bg--none no e-con e-child\" data-id=\"58abb5b\" data-element_type=\"container\" data-e-type=\"container\">\n\t\t\t\t<div class=\"elementor-element elementor-element-982c462 elementor-widget elementor-widget-petextwrapper\" data-id=\"982c462\" data-element_type=\"widget\" data-e-type=\"widget\" data-widget_type=\"petextwrapper.default\">\n\t\t\t\t<div class=\"elementor-widget-container\">\n\t\t\t\t\t\n<div class=\"text-wrapper\">\n\n    <p class=\"text-h3  no-margin \"> Na kontaktoni<\/p>\n\n<\/div>\n\n\t\t\t\t<\/div>\n\t\t\t\t<\/div>\n\t\t\t\t<div class=\"elementor-element elementor-element-0854a76 elementor-widget elementor-widget-petextwrapper\" data-id=\"0854a76\" data-element_type=\"widget\" data-e-type=\"widget\" data-widget_type=\"petextwrapper.default\">\n\t\t\t\t<div class=\"elementor-widget-container\">\n\t\t\t\t\t\n<div class=\"text-wrapper\">\n\n    <p class=\"text-p p-large  \"> D\u00ebshironi t\u00eb kontaktoni me ne? Keni pyetje, sugjerime apo keni nevoj\u00eb p\u00ebr informacion shtes\u00eb? Na kontaktoni me besim!<\/p>\n\n<\/div>\n\n\t\t\t\t<\/div>\n\t\t\t\t<\/div>\n\t\t\t\t<\/div>\n\t\t<div class=\"elementor-element elementor-element-b795c9f e-con-full e-flex convert--none bg--none no e-con e-child\" data-id=\"b795c9f\" data-element_type=\"container\" data-e-type=\"container\">\n\t\t\t\t<div class=\"wd--always--show elementor-element elementor-element-a0caddb elementor-widget elementor-widget-pebutton\" data-id=\"a0caddb\" data-element_type=\"widget\" data-e-type=\"widget\" data-widget_type=\"pebutton.default\">\n\t\t\t\t<div class=\"elementor-widget-container\">\n\t\t\t\t\t\n<div class=\"pe--button false pb--underlined false pb--icon icon__right pb--normal link\"  >\n\n    <div class=\"pe--button--wrapper\">\n\n        \n        <a href=\"mailto:zajednica.alb.pgz@gmail.com\" rel=\"nofollow\" >\n\n            \n            <span class=\"pb__main\">zajednica.alb.pgz@gmail.com<i aria-hidden=\"true\" class=\"material-icons md-arrow_outward\" data-md-icon=\"arrow_outward\"><\/i>\n                \n            <\/span>\n\n\n            \n            \n        <\/a>\n       \n\n\n    <\/div>\n\n<\/div>\n\n\t\t\t\t<\/div>\n\t\t\t\t<\/div>\n\t\t\t\t<div class=\"wd--always--show elementor-element elementor-element-112d006 elementor-widget elementor-widget-pebutton\" data-id=\"112d006\" data-element_type=\"widget\" data-e-type=\"widget\" data-widget_type=\"pebutton.default\">\n\t\t\t\t<div class=\"elementor-widget-container\">\n\t\t\t\t\t\n<div class=\"pe--button false false pb--icon icon__right pb--normal link\"  >\n\n    <div class=\"pe--button--wrapper\">\n\n        \n        <a href=\"#\" rel=\"nofollow\" >\n\n            \n            <span class=\"pb__main\">Pavlinski trg 5, Rijeka, HR\n                \n            <\/span>\n\n\n            \n            \n        <\/a>\n       \n\n\n    <\/div>\n\n<\/div>\n\n\t\t\t\t<\/div>\n\t\t\t\t<\/div>\n\t\t\t\t<\/div>\n\t\t<div class=\"elementor-element elementor-element-7a4a309 e-con-full e-flex convert--none bg--none no e-con e-child\" data-id=\"7a4a309\" data-element_type=\"container\" data-e-type=\"container\">\n\t\t\t\t<\/div>\n\t\t\t\t<\/div>\n\t\t<div class=\"elementor-element elementor-element-508cca6 e-con-full pinned_true pin_container_#contact bg--color e-flex convert--none curved_false no e-con e-child\" data-id=\"508cca6\" data-element_type=\"container\" data-e-type=\"container\">\n\t\t\t\t<div class=\"elementor-element elementor-element-5630ecc elementor-widget elementor-widget-pesingleimage\" data-id=\"5630ecc\" data-element_type=\"widget\" data-e-type=\"widget\" data-widget_type=\"pesingleimage.default\">\n\t\t\t\t<div class=\"elementor-widget-container\">\n\t\t\t\t\t\n        <div class=\"single-image single--image\" >\n\n                                                <img decoding=\"async\" src=\"https:\/\/zapgz.hr\/al\/wp-content\/uploads\/sites\/2\/2025\/02\/fb1.png\" title=\"fb1\" alt=\"fb1\" loading=\"lazy\" \/>\n                    \n\n                        <\/div>\n\n\n        \t\t\t\t<\/div>\n\t\t\t\t<\/div>\n\t\t\t\t<div class=\"elementor-element elementor-element-9d07c2a elementor-widget elementor-widget-petextwrapper\" data-id=\"9d07c2a\" data-element_type=\"widget\" data-e-type=\"widget\" data-widget_type=\"petextwrapper.default\">\n\t\t\t\t<div class=\"elementor-widget-container\">\n\t\t\t\t\t\n<div class=\"text-wrapper\">\n\n    <p class=\"text-p p-large no-margin \"> Ndiqni lajmet n\u00eb faqen ton\u00eb n\u00eb Facebook! Skanoni kodin QR dhe na ndiqni.<\/p>\n\n<\/div>\n\n\t\t\t\t<\/div>\n\t\t\t\t<\/div>\n\t\t\t\t<div class=\"wd--always--show elementor-element elementor-element-ac152ed elementor-widget elementor-widget-pebutton\" data-id=\"ac152ed\" data-element_type=\"widget\" data-e-type=\"widget\" data-widget_type=\"pebutton.default\">\n\t\t\t\t<div class=\"elementor-widget-container\">\n\t\t\t\t\t\n<div class=\"pe--button false pb--underlined false pb--icon icon__right pb--medium link\"  >\n\n    <div class=\"pe--button--wrapper\">\n\n        \n        <a href=\"https:\/\/www.facebook.com\/zajednicaalbanacapgzrijeka\" rel=\"nofollow\" >\n\n            \n            <span class=\"pb__main\">Facebook<i aria-hidden=\"true\" class=\"material-icons md-arrow_outward\" data-md-icon=\"arrow_outward\"><\/i>\n                \n            <\/span>\n\n\n            \n            \n        <\/a>\n       \n\n\n    <\/div>\n\n<\/div>\n\n\t\t\t\t<\/div>\n\t\t\t\t<\/div>\n\t\t\t\t<\/div>\n\t\t\t\t<\/div>\n\t\t\t\t<\/div>\n\t\t","protected":false},"excerpt":{"rendered":"<p>Na kontaktoni D\u00ebshironi t\u00eb kontaktoni me ne? Keni pyetje, sugjerime apo keni nevoj\u00eb p\u00ebr informacion shtes\u00eb? Na kontaktoni me besim!&#8230;<\/p>\n","protected":false},"author":1,"featured_media":0,"parent":0,"menu_order":0,"comment_status":"closed","ping_status":"closed","template":"","meta":{"_acf_changed":false,"footnotes":""},"class_list":["post-10940","page","type-page","status-publish","hentry"],"acf":[],"_links":{"self":[{"href":"https:\/\/zapgz.hr\/al\/wp-json\/wp\/v2\/pages\/10940","targetHints":{"allow":["GET"]}}],"collection":[{"href":"https:\/\/zapgz.hr\/al\/wp-json\/wp\/v2\/pages"}],"about":[{"href":"https:\/\/zapgz.hr\/al\/wp-json\/wp\/v2\/types\/page"}],"author":[{"embeddable":true,"href":"https:\/\/zapgz.hr\/al\/wp-json\/wp\/v2\/users\/1"}],"replies":[{"embeddable":true,"href":"https:\/\/zapgz.hr\/al\/wp-json\/wp\/v2\/comments?post=10940"}],"version-history":[{"count":15,"href":"https:\/\/zapgz.hr\/al\/wp-json\/wp\/v2\/pages\/10940\/revisions"}],"predecessor-version":[{"id":11538,"href":"https:\/\/zapgz.hr\/al\/wp-json\/wp\/v2\/pages\/10940\/revisions\/11538"}],"wp:attachment":[{"href":"https:\/\/zapgz.hr\/al\/wp-json\/wp\/v2\/media?parent=10940"}],"curies":[{"name":"wp","href":"https:\/\/api.w.org\/{rel}","templated":true}]}}